{"id":38,"date":"2014-01-24T17:56:04","date_gmt":"2014-01-24T17:56:04","guid":{"rendered":"http:\/\/www.algarveapartmentholiday.com\/?page_id=38"},"modified":"2022-03-05T13:51:04","modified_gmt":"2022-03-05T13:51:04","slug":"armacao-de-pera","status":"publish","type":"page","link":"https:\/\/www.algarveapartmentholiday.com\/?page_id=38","title":{"rendered":"Armacao de Pera"},"content":{"rendered":"<figure id=\"attachment_13\" aria-describedby=\"caption-attachment-13\" style=\"width: 225px\" class=\"wp-caption aligncenter\"><a href=\"http:\/\/www.algarveapartmentholiday.com\/wp-content\/uploads\/2014\/01\/PA300020.jpg\"><img decoding=\"async\" loading=\"lazy\" class=\"size-medium wp-image-13 aligncenter\" src=\"http:\/\/www.algarveapartmentholiday.com\/wp-content\/uploads\/2014\/01\/PA300020-225x300.jpg\" alt=\"Village church\" width=\"225\" height=\"300\" srcset=\"https:\/\/www.algarveapartmentholiday.com\/wp-content\/uploads\/2014\/01\/PA300020-225x300.jpg 225w, https:\/\/www.algarveapartmentholiday.com\/wp-content\/uploads\/2014\/01\/PA300020-768x1024.jpg 768w\" sizes=\"(max-width: 225px) 100vw, 225px\" \/><\/a><figcaption id=\"caption-attachment-13\" class=\"wp-caption-text\">Village church<\/figcaption><\/figure>\n<p><b>Arma\u00e7\u00e3o de P\u00eara<\/b><b> \u00a0<\/b>has everything you need for a lovely holiday \u2013 a wonderful <strong>beach<\/strong>, playground, shops, supermarkets, restaurants and bars. It is also ideally placed for a day out at <strong>Zoomarine sea-life park<\/strong> at Guia, a trip to &#8216;Algarve Shopping&#8217; mall, <strong>water parks<\/strong> at Alcantarilha and Lagoa, <strong>golf courses<\/strong>, horse riding, and beautiful coastal <strong>walks.<\/strong><\/p>\n<p>It was once a sleepy fishing village which over the years has grown into a small town.\u00a0 The old part stretches up from the fishermen\u2019s beach towards ruins of the old 17<sup>th<\/sup> century fort with its chapel, and along to the church, spreading out behind.\u00a0 Here it is a maze of narrow streets with traditional whitewashed houses and many Portuguese restaurants.<\/p>\n<figure id=\"attachment_129\" aria-describedby=\"caption-attachment-129\" style=\"width: 249px\" class=\"wp-caption aligncenter\"><a href=\"http:\/\/www.algarveapartmentholiday.com\/wp-content\/uploads\/2015\/03\/Fishermans-Beach-Rainbow.jpg\"><img decoding=\"async\" loading=\"lazy\" class=\"size-medium wp-image-129\" src=\"http:\/\/www.algarveapartmentholiday.com\/wp-content\/uploads\/2015\/03\/Fishermans-Beach-Rainbow-249x300.jpg\" alt=\"Rainbow over the Fisherman's Beach\" width=\"249\" height=\"300\" srcset=\"https:\/\/www.algarveapartmentholiday.com\/wp-content\/uploads\/2015\/03\/Fishermans-Beach-Rainbow-249x300.jpg 249w, https:\/\/www.algarveapartmentholiday.com\/wp-content\/uploads\/2015\/03\/Fishermans-Beach-Rainbow.jpg 798w\" sizes=\"(max-width: 249px) 100vw, 249px\" \/><\/a><figcaption id=\"caption-attachment-129\" class=\"wp-caption-text\">Rainbow over the Fisherman&#8217;s Beach<\/figcaption><\/figure>\n<p>Towards the western end there is a mix of new and old buildings and a wide promenade fringed by a mix of restaurants, cafes and shops.<\/p>\n<figure id=\"attachment_26\" aria-describedby=\"caption-attachment-26\" style=\"width: 225px\" class=\"wp-caption aligncenter\"><a href=\"http:\/\/www.algarveapartmentholiday.com\/wp-content\/uploads\/2014\/01\/PA310060.jpg\"><img decoding=\"async\" loading=\"lazy\" class=\"size-medium wp-image-26\" src=\"http:\/\/www.algarveapartmentholiday.com\/wp-content\/uploads\/2014\/01\/PA310060-225x300.jpg\" alt=\"Promenade\" width=\"225\" height=\"300\" srcset=\"https:\/\/www.algarveapartmentholiday.com\/wp-content\/uploads\/2014\/01\/PA310060-225x300.jpg 225w, https:\/\/www.algarveapartmentholiday.com\/wp-content\/uploads\/2014\/01\/PA310060-768x1024.jpg 768w\" sizes=\"(max-width: 225px) 100vw, 225px\" \/><\/a><figcaption id=\"caption-attachment-26\" class=\"wp-caption-text\">Promenade<\/figcaption><\/figure>\n<p>You can see the fishing boats out on the water at night and, if you get up early enough, you can see the catch being brought in!\u00a0 The fishermen also ply their trade along the beach in the summer, offering boat trips to the amazing rock formations along the coast.<\/p>\n<p>The stunning beach stretches all the way to Guia and Albufeira in one direction and to Senhora da Rocha in the other.\u00a0 From May to early October there are supervised areas with sunbeds available for hire as well as the usual water sports equipment.\u00a0 You will also find a choice of beach bars and restaurants right on the water\u2019s edge.<\/p>\n<figure id=\"attachment_130\" aria-describedby=\"caption-attachment-130\" style=\"width: 300px\" class=\"wp-caption aligncenter\"><a href=\"http:\/\/www.algarveapartmentholiday.com\/wp-content\/uploads\/2015\/03\/Beautiful-Sunset-at-Armacao.jpg\"><img decoding=\"async\" loading=\"lazy\" class=\"size-medium wp-image-130\" src=\"http:\/\/www.algarveapartmentholiday.com\/wp-content\/uploads\/2015\/03\/Beautiful-Sunset-at-Armacao-300x168.jpg\" alt=\"Sunset in Armacao\" width=\"300\" height=\"168\" srcset=\"https:\/\/www.algarveapartmentholiday.com\/wp-content\/uploads\/2015\/03\/Beautiful-Sunset-at-Armacao-300x168.jpg 300w, https:\/\/www.algarveapartmentholiday.com\/wp-content\/uploads\/2015\/03\/Beautiful-Sunset-at-Armacao.jpg 960w\" sizes=\"(max-width: 300px) 100vw, 300px\" \/><\/a><figcaption id=\"caption-attachment-130\" class=\"wp-caption-text\">Sunset in Armacao<\/figcaption><\/figure>\n<p>Along with those on the beach, the choice of eateries include many traditional Portuguese fish and grill restaurants, Indian, Chinese, Japanese\u00a0and Italian choices, ice-cream parlours, cake shops and many cafes and bars serving snacks and light meals.<\/p>\n<p>If you prefer to cook for yourself, there is a daily market selling fresh produce, small bakeries selling fresh bread and cakes, butchers shops and a variety of smaller supermarkets as well as a larger Continente and Lidl supermarket in walking distance, There is a large\u00a0 open air market every Saturday morning with stalls selling all manner of food.\u00a0 More supermarkets can be found\u00a0 on the main road towards Senhora de Rocha and at Algarve Shopping.<\/p>\n<p>Nightlife centres around the many restaurants and a few bars, with the promenade being the place where people meet and walk.\u00a0 You can find something more lively within easy reach at Carveiro, Lagos or Albufeira. This website gives up to date information about what&#8217;s happening in the Algarve:<a href=\"http:\/\/www.cultugarve.com\/wp\/\"> http:\/\/www.cultugarve.com\/wp\/<\/a><\/p>\n<p>Car hire is not essential as everything is within walking distance in the town.\u00a0 Minibus transfers are available through most airlines and the drop off point at the Holiday Inn is only five minutes\u2019 walk from the apartment.\u00a0 Buses or taxis are available to the water parks, Algarve shopping and the main resorts and towns along the coast.<\/p>\n","protected":false},"excerpt":{"rendered":"<p>Arma\u00e7\u00e3o de P\u00eara \u00a0has everything you need for a lovely holiday \u2013 a wonderful beach, playground, shops, supermarkets, restaurants and bars. It is also ideally placed for a day out at Zoomarine sea-life park at Guia, a trip to &#8216;Algarve Shopping&#8217; mall, water parks at Alcantarilha and Lagoa, golf courses, horse riding, and beautiful coastal &hellip; <a href=\"https:\/\/www.algarveapartmentholiday.com\/?page_id=38\" class=\"more-link\">Continue reading <span class=\"screen-reader-text\">Armacao de Pera<\/span> <span class=\"meta-nav\">&rarr;<\/span><\/a><\/p>\n","protected":false},"author":1,"featured_media":0,"parent":0,"menu_order":0,"comment_status":"open","ping_status":"open","template":"","meta":[],"_links":{"self":[{"href":"https:\/\/www.algarveapartmentholiday.com\/index.php?rest_route=\/wp\/v2\/pages\/38"}],"collection":[{"href":"https:\/\/www.algarveapartmentholiday.com\/index.php?rest_route=\/wp\/v2\/pages"}],"about":[{"href":"https:\/\/www.algarveapartmentholiday.com\/index.php?rest_route=\/wp\/v2\/types\/page"}],"author":[{"embeddable":true,"href":"https:\/\/www.algarveapartmentholiday.com\/index.php?rest_route=\/wp\/v2\/users\/1"}],"replies":[{"embeddable":true,"href":"https:\/\/www.algarveapartmentholiday.com\/index.php?rest_route=%2Fwp%2Fv2%2Fcomments&post=38"}],"version-history":[{"count":10,"href":"https:\/\/www.algarveapartmentholiday.com\/index.php?rest_route=\/wp\/v2\/pages\/38\/revisions"}],"predecessor-version":[{"id":257,"href":"https:\/\/www.algarveapartmentholiday.com\/index.php?rest_route=\/wp\/v2\/pages\/38\/revisions\/257"}],"wp:attachment":[{"href":"https:\/\/www.algarveapartmentholiday.com\/index.php?rest_route=%2Fwp%2Fv2%2Fmedia&parent=38"}],"curies":[{"name":"wp","href":"https:\/\/api.w.org\/{rel}","templated":true}]}}